{"id":377,"date":"2024-03-05T12:40:39","date_gmt":"2024-03-05T11:40:39","guid":{"rendered":"https:\/\/victoretrichardpro.fr\/?page_id=377"},"modified":"2024-03-31T23:47:05","modified_gmt":"2024-03-31T21:47:05","slug":"documents","status":"publish","type":"page","link":"https:\/\/victoretrichardpro.fr\/?page_id=377","title":{"rendered":"Les documents &#038; informations n\u00e9cessaires"},"content":{"rendered":"\n<div style=\"height:100px\" aria-hidden=\"true\" class=\"wp-block-spacer\"><\/div>\n\n\n\n<h2 class=\"wp-block-heading has-foreground-background-color has-background\">MANDATS DE VENTE<\/h2>\n\n\n\n<div style=\"height:100px\" aria-hidden=\"true\" class=\"wp-block-spacer\"><\/div>\n\n\n\n<p>\ud83d\udd32 <strong>PI\u00c8CES D&rsquo;IDENTIT\u00c9<\/strong> (bien valider la profession et r\u00e9gime matrimonial) (et pour les soci\u00e9t\u00e9s KBIS et statuts et pi\u00e8ce identit\u00e9 du ou des g\u00e9rants), <\/p>\n\n\n\n<p>\ud83d\udd32 <strong>ADRESSES MAILS<\/strong> et <strong>T\u00c9L\u00c9PHONES PORTABLES<\/strong> pour tous les propri\u00e9taires (signature \u00e9lectronique),<\/p>\n\n\n\n<p>\ud83d\udd32 <strong>TITRE DEPROPRI\u00c9T\u00c9<\/strong>,<\/p>\n\n\n\n<p>\ud83d\udd32 <strong>DOSSIER DE DIAGNOSTICS,<\/strong> (Carrez, Amiante, Plomb, Termites, DPE apr\u00e8s juillet 2021, Electricit\u00e9, Gaz, ERP)<\/p>\n\n\n\n<p>\ud83d\udd32 Dernier avis de <strong>TAXE FONCI\u00c8RE<\/strong>,<\/p>\n\n\n\n<p>\ud83d\udd32 <strong>DOCUMENTS<\/strong> <strong>SYNDIC<\/strong> (possibilit\u00e9 de les t\u00e9l\u00e9charger sur l&rsquo;extranet Syndic &#8211; Pensez \u00e0 nous remettre vos identifiants et MDP) : <\/p>\n\n\n\n<ul class=\"wp-block-list\">\n<li>R\u00e8glement de copropri\u00e9t\u00e9 et Etat descriptif de division,<\/li>\n<\/ul>\n\n\n\n<ul class=\"wp-block-list\">\n<li>Modificatifs \u00e9ventuels au r\u00e8glement de copropri\u00e9t\u00e9,<\/li>\n<\/ul>\n\n\n\n<ul class=\"wp-block-list\">\n<li>Proc\u00e8s verbaux des assembl\u00e9es g\u00e9n\u00e9rales des 3 derni\u00e8res ann\u00e9es,<\/li>\n<\/ul>\n\n\n\n<ul class=\"wp-block-list\">\n<li>2 derni\u00e8res relev\u00e9s de charges annuelles,<\/li>\n<\/ul>\n\n\n\n<ul class=\"wp-block-list\">\n<li>Carnet d&rsquo;entretien, <\/li>\n<\/ul>\n\n\n\n<ul class=\"wp-block-list\">\n<li>Fiche synth\u00e9tique copropri\u00e9t\u00e9, <\/li>\n<\/ul>\n\n\n\n<ul class=\"wp-block-list\">\n<li>Attestation d&rsquo;immatriculation copropri\u00e9t\u00e9, <\/li>\n<\/ul>\n\n\n\n<ul class=\"wp-block-list\">\n<li>Diagnostics techniques parties communes (Amiante, Plomb, Termites &#8230;)<\/li>\n<\/ul>\n\n\n\n<ul class=\"wp-block-list\">\n<li>Audit \/ Plan Pluriannuel de Travaux \/ Diagnostic Technique Global,<\/li>\n<\/ul>\n\n\n\n<p><\/p>\n\n\n\n<p>\ud83d\udd32 <strong>FACTURES TRAVAUX<\/strong> r\u00e9alis\u00e9s ces 10 derni\u00e8res ann\u00e9es avec les <strong>attestations d\u00e9cennales des entreprises<\/strong>,<\/p>\n\n\n\n<p>\ud83d\udd32 Lotissement ou association syndicale (nous consulter)<\/p>\n\n\n\n<div style=\"height:100px\" aria-hidden=\"true\" class=\"wp-block-spacer\"><\/div>\n\n\n\n<h2 class=\"wp-block-heading has-foreground-background-color has-background\">COMPROMIS DE VENTE <\/h2>\n\n\n\n<div style=\"height:100px\" aria-hidden=\"true\" class=\"wp-block-spacer\"><\/div>\n\n\n\n<p><strong><em>(En plus des documents d\u00e9j\u00e0 fournis pour le mandat de vente) <\/em><\/strong><\/p>\n\n\n\n<p>\ud83d\udd32 <strong>Pi\u00e8ces d&rsquo;identit\u00e9<\/strong> de l&rsquo;acqu\u00e9reur (bien valider la profession et r\u00e9gime matrimonial)<\/p>\n\n\n\n<p>\ud83d\udd32 <strong>Simulation de financement <\/strong>de l&rsquo;acqu\u00e9reur ou \u00ab\u00a0Attestation de financement personnel\u00a0\u00bb si paiement comptant, <\/p>\n\n\n\n<p>\ud83d\udd32 Dossier <strong><a href=\"https:\/\/www.georisques.gouv.fr\/\">g\u00e9orisques \u00e0 t\u00e9l\u00e9charger, <\/a><\/strong><\/p>\n\n\n\n<p>\ud83d\udd32 Pour les maison commander la \u00ab\u00a0<strong><a href=\"https:\/\/metropole.nantes.fr\/files\/pdf\/eau-assainissement\/assainissement\/DD432-1_Formulaire_demande_controle_raccordement_2023.pdf\">Demande d&rsquo;Attestation de Raccordement\u00a0\u00bb<\/a><\/strong> \u00e0 Nantes M\u00e9tropole,<\/p>\n\n\n\n<p>\ud83d\udd32 Nom &amp; coordonn\u00e9es du <strong>notaire VENDEUR<\/strong><\/p>\n\n\n\n<p>\ud83d\udd32 Nom &amp; coordonn\u00e9es du <strong>notaire ACQUEREUR<\/strong><\/p>\n\n\n\n<p>\ud83d\udd32 Adresse mail et t\u00e9l\u00e9phone portable ACQUEREURS pour tous les propri\u00e9taires (signature \u00e9lectronique),<\/p>\n\n\n\n<p>\ud83d\udd32 Pr\u00e9-\u00e9tat dat\u00e9 syndic ou par le site : <a href=\"https:\/\/pre-etat-date-en-ligne.com\"><strong>https:\/\/pre-etat-date-en-ligne.com\/ <\/strong><\/a><\/p>\n\n\n\n<div style=\"height:100px\" aria-hidden=\"true\" class=\"wp-block-spacer\"><\/div>\n\n\n\n<p><\/p>\n\n\n\n<p><\/p>\n\n\n\n<p><\/p>\n","protected":false},"excerpt":{"rendered":"<p>MANDATS DE VENTE \ud83d\udd32 PI\u00c8CES D&rsquo;IDENTIT\u00c9 (bien valider la profession et r\u00e9gime matrimonial) (et pour les soci\u00e9t\u00e9s KBIS et statuts et pi\u00e8ce identit\u00e9 du ou des g\u00e9rants), \ud83d\udd32 ADRESSES MAILS et T\u00c9L\u00c9PHONES PORTABLES pour tous les propri\u00e9taires (signature \u00e9lectronique), \ud83d\udd32 TITRE DEPROPRI\u00c9T\u00c9, \ud83d\udd32 DOSSIER DE DIAGNOSTICS, (Carrez, Amiante, Plomb, Termites, DPE apr\u00e8s juillet 2021, Electricit\u00e9, [&hellip;]<\/p>\n","protected":false},"author":1,"featured_media":0,"parent":0,"menu_order":0,"comment_status":"closed","ping_status":"closed","template":"","meta":{"footnotes":""},"class_list":["post-377","page","type-page","status-publish","hentry"],"_links":{"self":[{"href":"https:\/\/victoretrichardpro.fr\/index.php?rest_route=\/wp\/v2\/pages\/377","targetHints":{"allow":["GET"]}}],"collection":[{"href":"https:\/\/victoretrichardpro.fr\/index.php?rest_route=\/wp\/v2\/pages"}],"about":[{"href":"https:\/\/victoretrichardpro.fr\/index.php?rest_route=\/wp\/v2\/types\/page"}],"author":[{"embeddable":true,"href":"https:\/\/victoretrichardpro.fr\/index.php?rest_route=\/wp\/v2\/users\/1"}],"replies":[{"embeddable":true,"href":"https:\/\/victoretrichardpro.fr\/index.php?rest_route=%2Fwp%2Fv2%2Fcomments&post=377"}],"version-history":[{"count":27,"href":"https:\/\/victoretrichardpro.fr\/index.php?rest_route=\/wp\/v2\/pages\/377\/revisions"}],"predecessor-version":[{"id":904,"href":"https:\/\/victoretrichardpro.fr\/index.php?rest_route=\/wp\/v2\/pages\/377\/revisions\/904"}],"wp:attachment":[{"href":"https:\/\/victoretrichardpro.fr\/index.php?rest_route=%2Fwp%2Fv2%2Fmedia&parent=377"}],"curies":[{"name":"wp","href":"https:\/\/api.w.org\/{rel}","templated":true}]}}