{"id":1692,"date":"2024-05-25T23:54:52","date_gmt":"2024-05-25T21:54:52","guid":{"rendered":"https:\/\/victoretrichardpro.fr\/?page_id=1692"},"modified":"2024-06-12T00:34:14","modified_gmt":"2024-06-11T22:34:14","slug":"visite-virtuelle","status":"publish","type":"page","link":"https:\/\/victoretrichardpro.fr\/?page_id=1692","title":{"rendered":"Visite virtuelle."},"content":{"rendered":"\n<div style=\"height:40px\" aria-hidden=\"true\" class=\"wp-block-spacer\"><\/div>\n\n\n\n<div style=\"height:29px\" aria-hidden=\"true\" class=\"wp-block-spacer\"><\/div>\n\n\n\n<figure class=\"wp-block-image aligncenter size-full is-resized\"><img loading=\"lazy\" decoding=\"async\" width=\"400\" height=\"262\" src=\"https:\/\/victoretrichardpro.fr\/wp-content\/uploads\/2024\/05\/img_series_small-1.png\" alt=\"\" class=\"wp-image-1704\" style=\"width:239px;height:auto\" srcset=\"https:\/\/victoretrichardpro.fr\/wp-content\/uploads\/2024\/05\/img_series_small-1.png 400w, https:\/\/victoretrichardpro.fr\/wp-content\/uploads\/2024\/05\/img_series_small-1-300x197.png 300w\" sizes=\"auto, (max-width: 400px) 100vw, 400px\" \/><\/figure>\n\n\n\n<div style=\"height:29px\" aria-hidden=\"true\" class=\"wp-block-spacer\"><\/div>\n\n\n\n<p>Vous souhaitez mettre en location une maison ou un appartement \u00e0 Nantes. Nous pouvons vous faire gagner du temps.<\/p>\n\n\n\n<p>Nous vous offrons la visite virtuelle de vos biens que nous r\u00e9aliserons avec notre outil : la cam\u00e9ra de Ricoh Th\u00eata.<\/p>\n\n\n\n<p>Nous vous adresserons ensuite le lien de cette visite virtuelle afin que vous puissiez la diffuser sur les sites d&rsquo;annonces ou les adresser \u00e0 des candidats locataires ou tout simplement pour pr\u00e9senter \u00e0 votre entourage.<\/p>\n\n\n\n<p>Cette visite virtuelle vous permettra \u00e9galement de valider l&rsquo;\u00e9tat g\u00e9n\u00e9ral avant l&rsquo;\u00e9tat des lieux d&rsquo;entr\u00e9e de vos locataires.<\/p>\n\n\n\n<p>Cliquer sur le lien ci dessous pour voir un exemple de nos visites virtuelles.<\/p>\n\n\n\n<div style=\"height:29px\" aria-hidden=\"true\" class=\"wp-block-spacer\"><\/div>\n\n\n\n<div class=\"wp-block-buttons is-content-justification-center is-layout-flex wp-container-core-buttons-is-layout-a89b3969 wp-block-buttons-is-layout-flex\">\n<div class=\"wp-block-button is-style-outline is-style-outline--1\"><a class=\"wp-block-button__link wp-element-button\" href=\"https:\/\/view.ricoh360.com\/52c113d9-1571-42fc-8df2-e00446c07876\" style=\"border-width:2px;border-radius:20px\">EXEMPLE DE VISITE VIRTUELLE <\/a><\/div>\n<\/div>\n\n\n\n<div style=\"height:50px\" aria-hidden=\"true\" class=\"wp-block-spacer\"><\/div>\n\n\n\n<figure class=\"wp-block-image aligncenter size-large is-resized\"><a href=\"https:\/\/view.ricoh360.com\/52c113d9-1571-42fc-8df2-e00446c07876\"><img loading=\"lazy\" decoding=\"async\" width=\"546\" height=\"1024\" src=\"https:\/\/victoretrichardpro.fr\/wp-content\/uploads\/2024\/06\/Screenshot_20240612_003209_Chrome-546x1024.jpg\" alt=\"\" class=\"wp-image-1908\" style=\"width:376px;height:auto\" srcset=\"https:\/\/victoretrichardpro.fr\/wp-content\/uploads\/2024\/06\/Screenshot_20240612_003209_Chrome-546x1024.jpg 546w, https:\/\/victoretrichardpro.fr\/wp-content\/uploads\/2024\/06\/Screenshot_20240612_003209_Chrome-160x300.jpg 160w, https:\/\/victoretrichardpro.fr\/wp-content\/uploads\/2024\/06\/Screenshot_20240612_003209_Chrome-768x1441.jpg 768w, https:\/\/victoretrichardpro.fr\/wp-content\/uploads\/2024\/06\/Screenshot_20240612_003209_Chrome-819x1536.jpg 819w, https:\/\/victoretrichardpro.fr\/wp-content\/uploads\/2024\/06\/Screenshot_20240612_003209_Chrome.jpg 1080w\" sizes=\"auto, (max-width: 546px) 100vw, 546px\" \/><\/a><\/figure>\n\n\n\n<div style=\"height:50px\" aria-hidden=\"true\" class=\"wp-block-spacer\"><\/div>\n","protected":false},"excerpt":{"rendered":"<p>Vous souhaitez mettre en location une maison ou un appartement \u00e0 Nantes. Nous pouvons vous faire gagner du temps. Nous vous offrons la visite virtuelle de vos biens que nous r\u00e9aliserons avec notre outil : la cam\u00e9ra de Ricoh Th\u00eata. Nous vous adresserons ensuite le lien de cette visite virtuelle afin que vous puissiez la [&hellip;]<\/p>\n","protected":false},"author":1,"featured_media":0,"parent":0,"menu_order":0,"comment_status":"closed","ping_status":"closed","template":"","meta":{"footnotes":""},"class_list":["post-1692","page","type-page","status-publish","hentry"],"_links":{"self":[{"href":"https:\/\/victoretrichardpro.fr\/index.php?rest_route=\/wp\/v2\/pages\/1692","targetHints":{"allow":["GET"]}}],"collection":[{"href":"https:\/\/victoretrichardpro.fr\/index.php?rest_route=\/wp\/v2\/pages"}],"about":[{"href":"https:\/\/victoretrichardpro.fr\/index.php?rest_route=\/wp\/v2\/types\/page"}],"author":[{"embeddable":true,"href":"https:\/\/victoretrichardpro.fr\/index.php?rest_route=\/wp\/v2\/users\/1"}],"replies":[{"embeddable":true,"href":"https:\/\/victoretrichardpro.fr\/index.php?rest_route=%2Fwp%2Fv2%2Fcomments&post=1692"}],"version-history":[{"count":13,"href":"https:\/\/victoretrichardpro.fr\/index.php?rest_route=\/wp\/v2\/pages\/1692\/revisions"}],"predecessor-version":[{"id":1910,"href":"https:\/\/victoretrichardpro.fr\/index.php?rest_route=\/wp\/v2\/pages\/1692\/revisions\/1910"}],"wp:attachment":[{"href":"https:\/\/victoretrichardpro.fr\/index.php?rest_route=%2Fwp%2Fv2%2Fmedia&parent=1692"}],"curies":[{"name":"wp","href":"https:\/\/api.w.org\/{rel}","templated":true}]}}