{"id":1476,"date":"2024-05-08T11:35:54","date_gmt":"2024-05-08T09:35:54","guid":{"rendered":"https:\/\/victoretrichardpro.fr\/?page_id=1476"},"modified":"2024-05-25T14:31:28","modified_gmt":"2024-05-25T12:31:28","slug":"vous-cherchez-une-entreprise-pour","status":"publish","type":"page","link":"https:\/\/victoretrichardpro.fr\/?page_id=1476","title":{"rendered":"D\u00e9barrasser, Ranger, Organiser, D\u00e9m\u00e9nager,  M\u00e9nages :"},"content":{"rendered":"\n<div style=\"height:51px\" aria-hidden=\"true\" class=\"wp-block-spacer\"><\/div>\n\n\n\n<p><strong>Vous cherchez une entreprise pour :<\/strong><\/p>\n\n\n\n<div style=\"height:50px\" aria-hidden=\"true\" class=\"wp-block-spacer\"><\/div>\n\n\n\n<h2 class=\"wp-block-heading has-text-align-center has-foreground-background-color has-background\">M\u00e9nages<\/h2>\n\n\n\n<div style=\"height:41px\" aria-hidden=\"true\" class=\"wp-block-spacer\"><\/div>\n\n\n\n<ul class=\"wp-block-list\">\n<li><strong>Naeteri Nantes<\/strong> &#8211; 44 rue du Coudray, 44000 Nantes &#8211; Christophe et Chlo\u00e9 VILLEMINOT &#8211; contact 06 85 41 63 62 <a href=\"mailto:naeteri.nantes@gmail.com\" target=\"_blank\" rel=\"noreferrer noopener\">naeteri.nantes@gmail.com<\/a><\/li>\n\n\n\n<li><strong>Igloo Nettoyage<\/strong> : 02 44 84 10 10 &#8211; 2 Rue Crucy, 40000 Nantes &#8211; <a href=\"https:\/\/www.igloo-nettoyage.fr\">https:\/\/www.igloo-nettoyage.fr<\/a> &#8211; AVIS GOOGLE 4,9\/5 &#8211; nombre d&rsquo;avis 109.<\/li>\n\n\n\n<li><strong>Hubliss Nantes<\/strong> : <a href=\"https:\/\/www.google.com\/search?q=hubliss+nantes%C2%A0&amp;client=safari&amp;sca_esv=896ca77a4b5de4aa&amp;sca_upv=1&amp;rls=en&amp;biw=1710&amp;bih=989&amp;ei=c71EZo_0B9XskdUP2uCdmAw&amp;ved=0ahUKEwjP-Zee5o-GAxVVdqQEHVpwB8MQ4dUDCA8&amp;uact=5&amp;oq=hubliss+nantes%C2%A0&amp;gs_lp=Egxnd3Mtd2l6LXNlcnAiEGh1Ymxpc3MgbmFudGVzwqAyBRAAGIAEMgYQABgWGB4yAhAmMggQABiABBiiBDIIEAAYgAQYogQyCBAAGIAEGKIESKgbUJwGWOIacAF4AJABAJgBb6AB3QeqAQQxNC4xuAEDyAEA-AEBmAIQoALzCKgCCsICIxAuGIAEGLQCGOUCGMcBGLcDGIoFGOoCGIoDGI4FGK8B2AEBwgIaEAAYgAQYtAIY5QIYtwMYigUY6gIYigPYAQHCAhYQLhgDGLQCGOUCGOoCGIwDGI8B2AECwgIWEAAYAxi0AhjlAhjqAhiMAxiPAdgBAsICEBAuGIAEGNEDGEMYxwEYigXCAgsQABiABBixAxiDAcICERAuGIAEGLEDGNEDGIMBGMcBwgILEC4YgAQYsQMYgwHCAggQABiABBixA8ICCBAuGIAEGNQCwgIfEC4YgAQY0QMYQxjHARiKBRiXBRjcBBjeBBjgBNgBA8ICChAAGIAEGEMYigXCAgoQLhiABBhDGIoFwgIWEC4YgAQYsQMY0QMYQxiDARjHARiKBcICDhAuGIAEGLEDGIMBGIoFwgILEC4YgAQYsQMY1ALCAhAQABiABBixAxhDGIMBGIoFwgINEAAYgAQYsQMYQxiKBcICJRAuGIAEGLEDGNEDGEMYgwEYxwEYigUYlwUY3AQY3gQY4ATYAQPCAg4QLhiABBjHARiOBRivAcICDhAuGIAEGLEDGNEDGMcBwgILEC4YgAQYxwEYrwHCAgUQLhiABMICDRAuGIAEGNEDGMcBGArCAh0QLhiABBjHARiOBRivARiXBRjcBBjeBBjgBNgBA5gDCroGBAgBGAe6BgQIAhgKugYGCAMQARgUkgcEMTUuMaAHz7gB&amp;sclient=gws-wiz-serp#\">02 44 10 11 34<\/a> &#8211; <a href=\"https:\/\/www.google.com\/maps\/place\/\/data=!4m2!3m1!1s0x4805effb03e39e3d:0xbd36d476f7fa40d3?sa=X&amp;ved=1t:8290&amp;ictx=111\">1 Av. des Jades, 44300 Nantes<\/a> &#8211; <a href=\"https:\/\/www.hubliss.fr\/agences\/nantes-est\">https:\/\/www.hubliss.fr\/agences\/nantes-est<\/a> &#8211; AVIS GOOGLE 4,7\/5 &#8211; nombre d&rsquo;avis 49.<\/li>\n<\/ul>\n\n\n\n<div style=\"height:40px\" aria-hidden=\"true\" class=\"wp-block-spacer\"><\/div>\n\n\n\n<h2 class=\"wp-block-heading has-text-align-center has-foreground-background-color has-background\">D\u00e9barrasser<\/h2>\n\n\n\n<div style=\"height:40px\" aria-hidden=\"true\" class=\"wp-block-spacer\"><\/div>\n\n\n\n<ul class=\"wp-block-list\">\n<li><strong>Abcadabra D\u00e9barras<\/strong> : \u00a0<a href=\"https:\/\/www.google.com\/search?q=abracadebara+nantes&amp;client=safari&amp;sca_esv=4771c1dce5b9df5f&amp;sca_upv=1&amp;rls=en&amp;sxsrf=ADLYWIKjxATAK-mst1QZyuntBJSw2FYWLA%3A1715612884892&amp;ei=1CxCZo6KNuiIkdUPgYKw6Ak&amp;ved=0ahUKEwiOxM2E9IqGAxVoRKQEHQEBDJ0Q4dUDCA8&amp;uact=5&amp;oq=abracadebara+nantes&amp;gs_lp=Egxnd3Mtd2l6LXNlcnAiE2FicmFjYWRlYmFyYSBuYW50ZXMyBhAAGA0YHjIIEAAYgAQYogQyCBAAGIAEGKIESJ4lULIGWJIkcAF4AZABAJgBwQGgAYwIqgEDOC4zuAEDyAEA-AEBmAIMoAL5CMICChAAGLADGNYEGEfCAgcQIxiwAhgnwgIPEAAYgAQYsQMYDRhGGPkBwgIHEAAYgAQYDcICBhAAGAcYHsICKRAAGIAEGLEDGA0YRhj5ARiXBRiMBRjdBBhGGPkBGPQDGPUDGPYD2AEBmAMAiAYBkAYIugYGCAEQARgTkgcDOS4zoAegWA&amp;sclient=gws-wiz-serp#\">06 67 43 24 39<\/a> &#8211; 49 Rue de l&rsquo;Indre, 44000 Nantes &#8211; <a href=\"https:\/\/www.debarras-brocante-nantes.fr\">https:\/\/www.debarras-brocante-nantes.fr<\/a> &#8211; AVIS GOOGLE 2,8 &#8211; nombre d&rsquo;avis 8.<\/li>\n<\/ul>\n\n\n\n<div style=\"height:53px\" aria-hidden=\"true\" class=\"wp-block-spacer\"><\/div>\n\n\n\n<h2 class=\"wp-block-heading has-text-align-center has-foreground-background-color has-background\">Ranger, organiser<\/h2>\n\n\n\n<div style=\"height:40px\" aria-hidden=\"true\" class=\"wp-block-spacer\"><\/div>\n\n\n\n<ul class=\"wp-block-list\">\n<li><strong>Manuella LERAY : Conseil en organisation<\/strong> &#8211; Home &amp; Office Organiser : Site internet : <a href=\"https:\/\/ml-co.fr\/\">https:\/\/ml-co.fr\/<\/a> &#8211; Contact : 06 81 56 20 83 &#8211; <a href=\"mailto:manuella@ml-co.fr\">manuella@ml-co.fr<\/a><\/li>\n<\/ul>\n\n\n\n<div style=\"height:40px\" aria-hidden=\"true\" class=\"wp-block-spacer\"><\/div>\n\n\n\n<h2 class=\"wp-block-heading has-text-align-center has-foreground-background-color has-background\">D\u00e9m\u00e9nager<\/h2>\n\n\n\n<div style=\"height:41px\" aria-hidden=\"true\" class=\"wp-block-spacer\"><\/div>\n\n\n\n<ul class=\"wp-block-list\">\n<li><strong>Les Petits Bleus D\u00e9m\u00e9nagements<\/strong> : <a href=\"https:\/\/www.google.com\/search?q=entreprise+d%C3%A9m%C3%A9nagement&amp;client=safari&amp;sca_esv=4771c1dce5b9df5f&amp;sca_upv=1&amp;rls=en&amp;sxsrf=ADLYWIKm6XoFyBl-2lFDjMVTEXvkBZL0eg%3A1715613395033&amp;ei=0y5CZsXWAbOqkdUPgLmF-A0&amp;oq=entreprise+demena&amp;gs_lp=Egxnd3Mtd2l6LXNlcnAiEWVudHJlcHJpc2UgZGVtZW5hKgIIADIKEAAYgAQYFBiHAjIKEAAYgAQYFBiHAjIFEAAYgAQyBxAAGIAEGAoyBRAAGIAEMgUQABiABDIFEAAYgAQyBRAAGIAEMgUQABiABDIFEAAYgARI-lJQAFjZQnAIeACQAQGYAfUBoAHqE6oBBjE4LjUuM7gBAcgBAPgBAZgCIaACuhOoAhTCAgcQIxgnGOoCwgIWEAAYAxi0AhjlAhjqAhiMAxiPAdgBAcICFhAuGAMYtAIY5QIY6gIYjAMYjwHYAQHCAgoQIxiABBgnGIoFwgIEECMYJ8ICDhAAGIAEGLEDGIMBGIoFwgILEAAYgAQYsQMYgwHCAhEQLhiABBixAxjRAxiDARjHAcICDhAuGIAEGLEDGIMBGIoFwgIQEC4YgAQYQxjHARiKBRivAcICExAuGIAEGEMYxwEYigUYjgUYrwHCAgoQABiABBhDGIoFwgIIEAAYgAQYsQPCAg4QABiABBixAxiDARjJA8ICCxAAGIAEGJIDGIoFwgIHECMYsQIYJ8ICChAAGIAEGMkDGArCAhAQLhiABBjHARgKGI4FGK8BwgIQEAAYgAQYsQMYgwEYyQMYCsICDRAAGIAEGJIDGLgEGArCAgoQABiABBixAxgKwgINEAAYgAQYsQMYgwEYCsICExAAGIAEGLEDGIMBGBQYhwIYyQPCAg4QABiABBiSAxi4BBiKBcICDRAAGIAEGLEDGBQYhwLCAg4QLhiABBjHARiOBRivAcICCBAuGIAEGLEDwgILEAAYgAQYkgMYuATCAgYQABgKGB7CAgoQABiABBiSAxgKwgIQEAAYgAQYsQMYgwEYigUYCsICBxAAGIAEGA3CAgwQABiABBjJAxgKGA3CAg0QLhiABBjRAxjHARgNwgIIEAAYgAQYkgPCAgcQIxiwAhgnwgIKEAAYgAQYsQMYDcICEBAAGIAEGLEDGIMBGIoFGA3CAgsQABiABBixAxjJA5gDDboGBggBEAEYC5IHBjI2LjUuMqAHtY4C&amp;sclient=gws-wiz-serp#\">02 40 69 82 95<\/a> &#8211; 30 Rue Paul Bellamy, 44000 Nantes &#8211; <a href=\"http:\/\/www.lespetitsbleus.fr\">http:\/\/www.lespetitsbleus.fr<\/a> &#8211; AVIS GOOGLE 4,3\/5 &#8211; nombre d&rsquo;avis 315<\/li>\n\n\n\n<li><strong>D\u00e9m\u00e9nagement &#8211; D\u00e9barras M.J.D<\/strong> : <a href=\"https:\/\/www.google.com\/search?q=entreprise+demenagement%C2%A0&amp;client=safari&amp;sca_esv=4771c1dce5b9df5f&amp;sca_upv=1&amp;rls=en&amp;biw=1710&amp;bih=989&amp;sxsrf=ADLYWIJfXDLrCAkELd7RSAt3hwiIwJWwcQ%3A1715614973473&amp;ei=_TRCZsu0HPaIkdUPmp-LuAE&amp;ved=0ahUKEwiLp8Lo-4qGAxV2RKQEHZrPAhcQ4dUDCA8&amp;uact=5&amp;oq=entreprise+demenagement%C2%A0&amp;gs_lp=Egxnd3Mtd2l6LXNlcnAiGWVudHJlcHJpc2UgZGVtZW5hZ2VtZW50wqAyChAAGIAEGBQYhwIyBxAAGIAEGAoyBRAAGIAEMgUQABiABDIFEAAYgAQyChAAGIAEGBQYhwIyBRAAGIAEMgcQABiABBgKMgUQABiABDIFEAAYgARI7khQ_QRYoUNwC3gAkAEBmAGNAqAB2RqqAQcxOS4xMS4yuAEDyAEA-AEBmAIqoAK3GqgCFMICBxAjGCcY6gLCAhYQABgDGLQCGOUCGOoCGIwDGI8B2AEBwgIWEC4YAxi0AhjlAhjqAhiMAxiPAdgBAcICBBAjGCfCAgoQIxiABBgnGIoFwgIOEAAYgAQYsQMYgwEYigXCAgsQABiABBixAxiDAcICERAuGIAEGLEDGNEDGIMBGMcBwgIOEC4YgAQYsQMYgwEYigXCAhAQLhiABBhDGMcBGIoFGK8BwgITEC4YgAQYQxjHARiKBRiOBRivAcICChAAGIAEGEMYigXCAggQABiABBixA8ICDRAAGIAEGBQYhwIYyQPCAg4QABiABBiSAxi4BBiKBcICCxAAGIAEGJIDGIoFwgIHECMYsQIYJ8ICChAAGIAEGMkDGArCAhAQLhiABBjHARgKGI4FGK8BwgIQEAAYgAQYsQMYgwEYyQMYCsICDRAAGIAEGJIDGLgEGArCAgoQABiABBixAxgKwgINEAAYgAQYsQMYgwEYCsICEBAAGIAEGLEDGIMBGIoFGArCAhMQABiABBixAxiDARgUGIcCGMkDwgINEAAYgAQYsQMYFBiHAsICDhAuGIAEGMcBGI4FGK8BwgIIEC4YgAQYsQPCAgsQABiABBiSAxi4BMICBhAAGAoYHsICChAAGIAEGJIDGArCAggQABiABBiSA8ICCxAAGIAEGLEDGMkDmAMHugYGCAEQARgLkgcHMzAuMTEuMaAH-rYC&amp;sclient=gws-wiz-serp#\">06 84 29 14 67<\/a> &#8211; Pl. du Vieux Doulon, 44300 Nantes &#8211; <a href=\"https:\/\/remaudjimmy10.wixsite.com\/mjddmnagement\">https:\/\/remaudjimmy10.wixsite.com\/mjddmnagement<\/a> &#8211; AVIS GOOGLE 5\/5 &#8211; nombre d&rsquo;avis 59.<\/li>\n\n\n\n<li><strong>Grand Ouest D\u00e9barras<\/strong> : <a href=\"https:\/\/www.google.com\/search?client=safari&amp;sca_esv=4771c1dce5b9df5f&amp;sca_upv=1&amp;rls=en&amp;tbs=lf:1,lf_ui:3&amp;tbm=lcl&amp;sxsrf=ADLYWIKHH1ECD8rX3sksCSNNnYGV78Bnhg:1715614998109&amp;q=entreprise+demenagement%C2%A0&amp;rflfq=1&amp;num=10&amp;sa=X&amp;ved=2ahUKEwiSgqL0-4qGAxXnTKQEHT8ICi8QjGp6BAgyEAE&amp;biw=1710&amp;bih=989&amp;dpr=2#\">07 81 61 56 41<\/a> &#8211; 40 Bd Robert Schuman, 44300 Nantes &#8211; <a href=\"https:\/\/www.grandouestdebarras.fr\">https:\/\/www.grandouestdebarras.fr<\/a> &#8211; AVIS GOOGLE 5\/5 &#8211; nombre d&rsquo;avis 9.<\/li>\n<\/ul>\n\n\n\n<div style=\"height:100px\" aria-hidden=\"true\" class=\"wp-block-spacer\"><\/div>\n\n\n\n<div style=\"height:50px\" aria-hidden=\"true\" class=\"wp-block-spacer\"><\/div>\n","protected":false},"excerpt":{"rendered":"<p>Vous cherchez une entreprise pour : M\u00e9nages D\u00e9barrasser Ranger, organiser D\u00e9m\u00e9nager<\/p>\n","protected":false},"author":1,"featured_media":0,"parent":0,"menu_order":0,"comment_status":"closed","ping_status":"closed","template":"","meta":{"footnotes":""},"class_list":["post-1476","page","type-page","status-publish","hentry"],"_links":{"self":[{"href":"https:\/\/victoretrichardpro.fr\/index.php?rest_route=\/wp\/v2\/pages\/1476","targetHints":{"allow":["GET"]}}],"collection":[{"href":"https:\/\/victoretrichardpro.fr\/index.php?rest_route=\/wp\/v2\/pages"}],"about":[{"href":"https:\/\/victoretrichardpro.fr\/index.php?rest_route=\/wp\/v2\/types\/page"}],"author":[{"embeddable":true,"href":"https:\/\/victoretrichardpro.fr\/index.php?rest_route=\/wp\/v2\/users\/1"}],"replies":[{"embeddable":true,"href":"https:\/\/victoretrichardpro.fr\/index.php?rest_route=%2Fwp%2Fv2%2Fcomments&post=1476"}],"version-history":[{"count":15,"href":"https:\/\/victoretrichardpro.fr\/index.php?rest_route=\/wp\/v2\/pages\/1476\/revisions"}],"predecessor-version":[{"id":1670,"href":"https:\/\/victoretrichardpro.fr\/index.php?rest_route=\/wp\/v2\/pages\/1476\/revisions\/1670"}],"wp:attachment":[{"href":"https:\/\/victoretrichardpro.fr\/index.php?rest_route=%2Fwp%2Fv2%2Fmedia&parent=1476"}],"curies":[{"name":"wp","href":"https:\/\/api.w.org\/{rel}","templated":true}]}}