{"id":1401,"date":"2024-05-05T23:51:06","date_gmt":"2024-05-05T21:51:06","guid":{"rendered":"https:\/\/victoretrichardpro.fr\/?page_id=1401"},"modified":"2026-03-02T16:49:33","modified_gmt":"2026-03-02T15:49:33","slug":"parrainage","status":"publish","type":"page","link":"https:\/\/victoretrichardpro.fr\/?page_id=1401","title":{"rendered":"Parrainage"},"content":{"rendered":"\n<div style=\"height:40px\" aria-hidden=\"true\" class=\"wp-block-spacer\"><\/div>\n\n\n\n<div class=\"wp-block-group is-vertical is-content-justification-left is-layout-flex wp-container-core-group-is-layout-1a6d9d9e wp-block-group-is-layout-flex\">\n<p class=\"has-medium-font-size\">Satisfait de votre exp\u00e9rience avec Victor &amp; Richard ? <\/p>\n\n\n\n<p class=\"has-medium-font-size\">N&rsquo;h\u00e9sitez pas \u00e0 le faire savoir et nous recommander aupr\u00e8s de votre entourage.<\/p>\n\n\n\n<p class=\"has-medium-font-size\">Pour chaque client qui ach\u00e8tera ou vendra gr\u00e2ce \u00e0 vous (*), nous vous offrirons :<\/p>\n\n\n\n<p class=\"has-medium-font-size\"><strong>(AU CHOIX)<\/strong><\/p>\n\n\n\n<ul class=\"wp-block-list has-medium-font-size\">\n<li>Une carte Cadeau <strong><a href=\"https:\/\/www.edenred.fr\/kadeos\/localiser\">KADEOS<\/a> de 500\u20ac<\/strong><\/li>\n\n\n\n<li>Un bon d&rsquo;achat de 500 \u20ac dans la boutique <a href=\"https:\/\/www.instagram.com\/baraklemagasin\/\"><strong>BARAK<\/strong><\/a> au 10 Rue des Carm\u00e9lites \u00e0 Nantes,<\/li>\n\n\n\n<li>Un bon d&rsquo;achat de 500 \u20ac dans le magasin <a href=\"https:\/\/www.instagram.com\/ressource_peintures\/\"><strong>RESSOURCE Nantes<\/strong><\/a> (Place Graslin).<\/li>\n<\/ul>\n<\/div>\n\n\n\n<div style=\"height:48px\" aria-hidden=\"true\" class=\"wp-block-spacer\"><\/div>\n\n\n\n<div class=\"wp-block-group is-layout-constrained wp-block-group-is-layout-constrained\">\n<div class=\"wp-block-columns is-layout-flex wp-container-core-columns-is-layout-28f84493 wp-block-columns-is-layout-flex\">\n<div class=\"wp-block-column is-layout-flow wp-block-column-is-layout-flow\" style=\"flex-basis:100%\">\n<div class=\"wp-block-columns is-not-stacked-on-mobile is-layout-flex wp-container-core-columns-is-layout-28f84493 wp-block-columns-is-layout-flex\">\n<div class=\"wp-block-column is-layout-flow wp-block-column-is-layout-flow\">\n<div class=\"wp-block-group is-layout-constrained wp-block-group-is-layout-constrained\">\n<div class=\"wp-block-columns are-vertically-aligned-center is-not-stacked-on-mobile is-layout-flex wp-container-core-columns-is-layout-28f84493 wp-block-columns-is-layout-flex\">\n<div class=\"wp-block-column is-vertically-aligned-center is-layout-flow wp-block-column-is-layout-flow\">\n<figure class=\"wp-block-image aligncenter size-large\"><a href=\"https:\/\/ressource-peintures.com\/boutiques-et-points-de-vente\/les-boutiques-ressource\/nantes\/\"><img loading=\"lazy\" decoding=\"async\" width=\"1024\" height=\"683\" src=\"http:\/\/victoretrichardpro.fr\/wp-content\/uploads\/2024\/05\/Ressource457-1024x683.jpg\" alt=\"\" class=\"wp-image-1753\" srcset=\"https:\/\/victoretrichardpro.fr\/wp-content\/uploads\/2024\/05\/Ressource457-1024x683.jpg 1024w, https:\/\/victoretrichardpro.fr\/wp-content\/uploads\/2024\/05\/Ressource457-300x200.jpg 300w, https:\/\/victoretrichardpro.fr\/wp-content\/uploads\/2024\/05\/Ressource457-768x512.jpg 768w, https:\/\/victoretrichardpro.fr\/wp-content\/uploads\/2024\/05\/Ressource457.jpg 1360w\" sizes=\"auto, (max-width: 1024px) 100vw, 1024px\" \/><\/a><\/figure>\n<\/div>\n\n\n\n<div class=\"wp-block-column is-vertically-aligned-center is-layout-flow wp-block-column-is-layout-flow\">\n<figure class=\"wp-block-image aligncenter size-full\"><a href=\"https:\/\/commande.edenred.fr\/kadeos\"><img loading=\"lazy\" decoding=\"async\" width=\"720\" height=\"720\" src=\"http:\/\/victoretrichardpro.fr\/wp-content\/uploads\/2024\/05\/image-1.png\" alt=\"\" class=\"wp-image-1756\" srcset=\"https:\/\/victoretrichardpro.fr\/wp-content\/uploads\/2024\/05\/image-1.png 720w, https:\/\/victoretrichardpro.fr\/wp-content\/uploads\/2024\/05\/image-1-300x300.png 300w, https:\/\/victoretrichardpro.fr\/wp-content\/uploads\/2024\/05\/image-1-150x150.png 150w\" sizes=\"auto, (max-width: 720px) 100vw, 720px\" \/><\/a><\/figure>\n<\/div>\n\n\n\n<div class=\"wp-block-column is-vertically-aligned-center is-layout-flow wp-block-column-is-layout-flow\">\n<figure class=\"wp-block-image aligncenter size-large\"><a href=\"https:\/\/www.instagram.com\/baraklemagasin\/?hl=fr\"><img loading=\"lazy\" decoding=\"async\" width=\"1024\" height=\"1024\" src=\"http:\/\/victoretrichardpro.fr\/wp-content\/uploads\/2026\/02\/image-1-1024x1024.png\" alt=\"\" class=\"wp-image-1953\" srcset=\"https:\/\/victoretrichardpro.fr\/wp-content\/uploads\/2026\/02\/image-1-1024x1024.png 1024w, https:\/\/victoretrichardpro.fr\/wp-content\/uploads\/2026\/02\/image-1-300x300.png 300w, https:\/\/victoretrichardpro.fr\/wp-content\/uploads\/2026\/02\/image-1-150x150.png 150w, https:\/\/victoretrichardpro.fr\/wp-content\/uploads\/2026\/02\/image-1-768x768.png 768w, https:\/\/victoretrichardpro.fr\/wp-content\/uploads\/2026\/02\/image-1.png 1080w\" sizes=\"auto, (max-width: 1024px) 100vw, 1024px\" \/><\/a><\/figure>\n<\/div>\n<\/div>\n<\/div>\n<\/div>\n<\/div>\n<\/div>\n<\/div>\n<\/div>\n\n\n\n<div style=\"height:46px\" aria-hidden=\"true\" class=\"wp-block-spacer\"><\/div>\n\n\n\n<p class=\"has-medium-font-size\"><strong>Compl\u00e9tez le formulaire ci-dessous, nous prendrons rapidement rendez-vous.<\/strong><\/p>\n\n\n\n<div style=\"height:28px\" aria-hidden=\"true\" class=\"wp-block-spacer\"><\/div>\n\n\n\n<div class=\"wp-block-group is-layout-constrained wp-container-core-group-is-layout-6f46751b wp-block-group-is-layout-constrained\" style=\"border-radius:31px;padding-top:0;padding-right:var(--wp--preset--spacing--60);padding-bottom:0;padding-left:var(--wp--preset--spacing--60)\">\n<div class=\"wp-block-columns is-layout-flex wp-container-core-columns-is-layout-28f84493 wp-block-columns-is-layout-flex\">\n<div class=\"wp-block-column is-vertically-aligned-center is-layout-flow wp-block-column-is-layout-flow\" style=\"flex-basis:100%\">\n<div class=\"wp-block-group is-layout-constrained wp-block-group-is-layout-constrained\"><style id=\"wpforms-css-vars-747-block-6562671d-234f-4774-aaeb-ea2fbfcacca5\">\n\t\t\t\t#wpforms-747.wpforms-block-6562671d-234f-4774-aaeb-ea2fbfcacca5 {\n\t\t\t\t--wpforms-field-size-input-height: 43px;\n--wpforms-field-size-input-spacing: 15px;\n--wpforms-field-size-font-size: 16px;\n--wpforms-field-size-line-height: 19px;\n--wpforms-field-size-padding-h: 14px;\n--wpforms-field-size-checkbox-size: 16px;\n--wpforms-field-size-sublabel-spacing: 5px;\n--wpforms-field-size-icon-size: 1;\n--wpforms-label-size-font-size: 16px;\n--wpforms-label-size-line-height: 19px;\n--wpforms-label-size-sublabel-font-size: 14px;\n--wpforms-label-size-sublabel-line-height: 17px;\n--wpforms-button-size-font-size: 17px;\n--wpforms-button-size-height: 41px;\n--wpforms-button-size-padding-h: 15px;\n--wpforms-button-size-margin-top: 10px;\n\t\t\t}\n\t\t\t<\/style><div class=\"wpforms-container wpforms-container-full wpforms-block wpforms-block-6562671d-234f-4774-aaeb-ea2fbfcacca5 wpforms-render-modern\" id=\"wpforms-747\"><form id=\"wpforms-form-747\" class=\"wpforms-validate wpforms-form wpforms-ajax-form\" data-formid=\"747\" method=\"post\" enctype=\"multipart\/form-data\" action=\"\/index.php?rest_route=%2Fwp%2Fv2%2Fpages%2F1401\" data-token=\"d103efb9818886fd8081f27ab89736ea\" data-token-time=\"1775307709\"><noscript class=\"wpforms-error-noscript\">Veuillez activer JavaScript dans votre navigateur pour remplir ce formulaire.<\/noscript><div id=\"wpforms-error-noscript\" style=\"display: none;\">Veuillez activer JavaScript dans votre navigateur pour remplir ce formulaire.<\/div><div class=\"wpforms-field-container\"><div id=\"wpforms-747-field_9-container\" class=\"wpforms-field wpforms-field-text\" data-field-id=\"9\"><label class=\"wpforms-field-label\" for=\"wpforms-747-field_9\">Nom &amp; pr\u00e9nom du vendeur<\/label><input type=\"text\" id=\"wpforms-747-field_9\" class=\"wpforms-field-medium\" name=\"wpforms[fields][9]\" aria-errormessage=\"wpforms-747-field_9-error\" ><\/div><div id=\"wpforms-747-field_2-container\" class=\"wpforms-field wpforms-field-email wpforms-one-third wpforms-one-half wpforms-first\" data-field-id=\"2\"><label class=\"wpforms-field-label\" for=\"wpforms-747-field_2\">E-mail <span class=\"wpforms-required-label\" aria-hidden=\"true\">*<\/span><\/label><input type=\"email\" id=\"wpforms-747-field_2\" class=\"wpforms-field-medium wpforms-field-required\" name=\"wpforms[fields][2]\" spellcheck=\"false\" aria-errormessage=\"wpforms-747-field_2-error\" required><\/div><div id=\"wpforms-747-field_4-container\" class=\"wpforms-field wpforms-field-text wpforms-one-half wpforms-first\" data-field-id=\"4\"><label class=\"wpforms-field-label\" for=\"wpforms-747-field_4\">Adresse compl\u00e8te du bien \u00e0 vendre<\/label><input type=\"text\" id=\"wpforms-747-field_4\" class=\"wpforms-field-medium\" name=\"wpforms[fields][4]\" aria-errormessage=\"wpforms-747-field_4-error\" ><\/div><div id=\"wpforms-747-field_7-container\" class=\"wpforms-field wpforms-field-text wpforms-one-half wpforms-first\" data-field-id=\"7\"><label class=\"wpforms-field-label\" for=\"wpforms-747-field_7\">T\u00e9l\u00e9phone<\/label><input type=\"text\" id=\"wpforms-747-field_7\" class=\"wpforms-field-medium\" name=\"wpforms[fields][7]\" aria-errormessage=\"wpforms-747-field_7-error\" ><\/div><div id=\"wpforms-747-field_8-container\" class=\"wpforms-field wpforms-field-text wpforms-one-half wpforms-first\" data-field-id=\"8\"><label class=\"wpforms-field-label\" for=\"wpforms-747-field_8\">Commentaires<\/label><input type=\"text\" id=\"wpforms-747-field_8\" class=\"wpforms-field-medium\" name=\"wpforms[fields][8]\" aria-errormessage=\"wpforms-747-field_8-error\" ><\/div><div id=\"wpforms-747-field_10-container\" class=\"wpforms-field wpforms-field-text\" data-field-id=\"10\"><label class=\"wpforms-field-label\" for=\"wpforms-747-field_10\">Recommand\u00e9 par (Nom et Pr\u00e9nom) : <\/label><input type=\"text\" id=\"wpforms-747-field_10\" class=\"wpforms-field-medium\" name=\"wpforms[fields][10]\" aria-errormessage=\"wpforms-747-field_10-error\" ><\/div><div id=\"wpforms-747-field_11-container\" class=\"wpforms-field wpforms-field-email\" data-field-id=\"11\"><label class=\"wpforms-field-label\" for=\"wpforms-747-field_11\">E-mail <span class=\"wpforms-required-label\" aria-hidden=\"true\">*<\/span><\/label><input type=\"email\" id=\"wpforms-747-field_11\" class=\"wpforms-field-medium wpforms-field-required\" name=\"wpforms[fields][11]\" spellcheck=\"false\" aria-errormessage=\"wpforms-747-field_11-error\" required><\/div><div id=\"wpforms-747-field_12-container\" class=\"wpforms-field wpforms-field-text\" data-field-id=\"12\"><label class=\"wpforms-field-label\" for=\"wpforms-747-field_12\">T\u00e9l\u00e9phone <\/label><input type=\"text\" id=\"wpforms-747-field_12\" class=\"wpforms-field-medium\" name=\"wpforms[fields][12]\" aria-errormessage=\"wpforms-747-field_12-error\" ><\/div><\/div><!-- .wpforms-field-container --><div class=\"wpforms-submit-container\" ><input type=\"hidden\" name=\"wpforms[id]\" value=\"747\"><input type=\"hidden\" name=\"page_title\" value=\"\"><input type=\"hidden\" name=\"page_url\" value=\"https:\/\/victoretrichardpro.fr\/index.php?rest_route=\/wp\/v2\/pages\/1401\"><input type=\"hidden\" name=\"url_referer\" value=\"\"><button type=\"submit\" name=\"wpforms[submit]\" id=\"wpforms-submit-747\" class=\"wpforms-submit\" data-alt-text=\"Envoi...\" data-submit-text=\"Envoyer\" aria-live=\"assertive\" value=\"wpforms-submit\">Envoyer<\/button><img loading=\"lazy\" decoding=\"async\" src=\"https:\/\/victoretrichardpro.fr\/wp-content\/plugins\/wpforms-lite\/assets\/images\/submit-spin.svg\" class=\"wpforms-submit-spinner\" style=\"display: none;\" width=\"26\" height=\"26\" alt=\"Chargement en cours\"><\/div><\/form><\/div>  <!-- .wpforms-container -->\n\n\n<p class=\"has-medium-font-size\">(*) Sous r\u00e9serve de bien avoir compl\u00e9t\u00e9 le formulaire ci dessus, que vos contacts aient bien sign\u00e9 un compromis ou promesse de vente par notre interm\u00e9diaire et que l&rsquo;acte authentique soit bien r\u00e9gularis\u00e9 chez notaire.<\/p>\n<\/div>\n<\/div>\n<\/div>\n<\/div>\n\n\n\n<div style=\"height:100px\" aria-hidden=\"true\" class=\"wp-block-spacer\"><\/div>\n","protected":false},"excerpt":{"rendered":"<p>Satisfait de votre exp\u00e9rience avec Victor &amp; Richard ? N&rsquo;h\u00e9sitez pas \u00e0 le faire savoir et nous recommander aupr\u00e8s de votre entourage. Pour chaque client qui ach\u00e8tera ou vendra gr\u00e2ce \u00e0 vous (*), nous vous offrirons : (AU CHOIX) Compl\u00e9tez le formulaire ci-dessous, nous prendrons rapidement rendez-vous. (*) Sous r\u00e9serve de bien avoir compl\u00e9t\u00e9 le [&hellip;]<\/p>\n","protected":false},"author":1,"featured_media":0,"parent":0,"menu_order":0,"comment_status":"closed","ping_status":"closed","template":"","meta":{"footnotes":""},"class_list":["post-1401","page","type-page","status-publish","hentry"],"_links":{"self":[{"href":"https:\/\/victoretrichardpro.fr\/index.php?rest_route=\/wp\/v2\/pages\/1401","targetHints":{"allow":["GET"]}}],"collection":[{"href":"https:\/\/victoretrichardpro.fr\/index.php?rest_route=\/wp\/v2\/pages"}],"about":[{"href":"https:\/\/victoretrichardpro.fr\/index.php?rest_route=\/wp\/v2\/types\/page"}],"author":[{"embeddable":true,"href":"https:\/\/victoretrichardpro.fr\/index.php?rest_route=\/wp\/v2\/users\/1"}],"replies":[{"embeddable":true,"href":"https:\/\/victoretrichardpro.fr\/index.php?rest_route=%2Fwp%2Fv2%2Fcomments&post=1401"}],"version-history":[{"count":45,"href":"https:\/\/victoretrichardpro.fr\/index.php?rest_route=\/wp\/v2\/pages\/1401\/revisions"}],"predecessor-version":[{"id":2121,"href":"https:\/\/victoretrichardpro.fr\/index.php?rest_route=\/wp\/v2\/pages\/1401\/revisions\/2121"}],"wp:attachment":[{"href":"https:\/\/victoretrichardpro.fr\/index.php?rest_route=%2Fwp%2Fv2%2Fmedia&parent=1401"}],"curies":[{"name":"wp","href":"https:\/\/api.w.org\/{rel}","templated":true}]}}