{"id":125,"date":"2024-03-02T16:27:53","date_gmt":"2024-03-02T15:27:53","guid":{"rendered":"https:\/\/victoretrichardpro.fr\/?page_id=125"},"modified":"2026-02-24T19:58:20","modified_gmt":"2026-02-24T18:58:20","slug":"lequipe-victor-et-richard-nantes","status":"publish","type":"page","link":"https:\/\/victoretrichardpro.fr\/?page_id=125","title":{"rendered":"L&rsquo;\u00e9quipe VRI"},"content":{"rendered":"\n<div style=\"height:51px\" aria-hidden=\"true\" class=\"wp-block-spacer\"><\/div>\n\n\n\n<figure class=\"wp-block-image size-large is-resized\"><img loading=\"lazy\" decoding=\"async\" width=\"1024\" height=\"1020\" src=\"http:\/\/victoretrichardpro.fr\/wp-content\/uploads\/2026\/02\/RB-SEBASTIEN-PAJOT-18-Copie-1024x1020.jpg\" alt=\"\" class=\"wp-image-1961\" style=\"aspect-ratio:1;object-fit:cover;width:auto;height:300px\" srcset=\"https:\/\/victoretrichardpro.fr\/wp-content\/uploads\/2026\/02\/RB-SEBASTIEN-PAJOT-18-Copie-1024x1020.jpg 1024w, https:\/\/victoretrichardpro.fr\/wp-content\/uploads\/2026\/02\/RB-SEBASTIEN-PAJOT-18-Copie-300x300.jpg 300w, https:\/\/victoretrichardpro.fr\/wp-content\/uploads\/2026\/02\/RB-SEBASTIEN-PAJOT-18-Copie-150x150.jpg 150w, https:\/\/victoretrichardpro.fr\/wp-content\/uploads\/2026\/02\/RB-SEBASTIEN-PAJOT-18-Copie-768x765.jpg 768w, https:\/\/victoretrichardpro.fr\/wp-content\/uploads\/2026\/02\/RB-SEBASTIEN-PAJOT-18-Copie-1536x1529.jpg 1536w, https:\/\/victoretrichardpro.fr\/wp-content\/uploads\/2026\/02\/RB-SEBASTIEN-PAJOT-18-Copie.jpg 1623w\" sizes=\"auto, (max-width: 1024px) 100vw, 1024px\" \/><\/figure>\n\n\n\n<div class=\"wp-block-group is-layout-constrained wp-block-group-is-layout-constrained\">\n<div style=\"height:51px\" aria-hidden=\"true\" class=\"wp-block-spacer\"><\/div>\n<\/div>\n\n\n\n<div class=\"wp-block-group is-vertical is-layout-flex wp-container-core-group-is-layout-fe9cc265 wp-block-group-is-layout-flex\">\n<p class=\"has-text-align-left has-large-font-size\"><em><strong><mark style=\"background-color:#ffffff;color:#4aff25\" class=\"has-inline-color\">S\u00e9bastien PAJOT<\/mark><\/strong><\/em><mark style=\"background-color:#ffffff\" class=\"has-inline-color has-primary-color\"><em>  <\/em> <\/mark><\/p>\n\n\n\n<p class=\"has-text-align-left has-medium-font-size\"><strong>DIRECTEUR D&rsquo;AGENCE<\/strong> <\/p>\n\n\n\n<p class=\"has-text-align-left has-medium-font-size\">06 50 42 17 00 <\/p>\n\n\n\n<p class=\"has-text-align-left has-medium-font-size\"><a href=\"mailto:spajot@victoretrichard.fr\">spajot@victoretrichard.fr<\/a><\/p>\n\n\n\n<p class=\"has-text-align-left has-medium-font-size\"><a href=\"https:\/\/www.linkedin.com\/in\/sebastienpajot\/\"><strong><em>LINKEDIN<\/em><\/strong><\/a><\/p>\n<\/div>\n\n\n\n<div style=\"height:48px\" aria-hidden=\"true\" class=\"wp-block-spacer\"><\/div>\n\n\n\n<figure class=\"wp-block-image size-large is-resized\"><img loading=\"lazy\" decoding=\"async\" width=\"1017\" height=\"1018\" src=\"https:\/\/victoretrichardpro.fr\/wp-content\/uploads\/2026\/02\/charlene-portrait.png\" alt=\"\" class=\"wp-image-1962\" style=\"width:auto;height:300px\" srcset=\"https:\/\/victoretrichardpro.fr\/wp-content\/uploads\/2026\/02\/charlene-portrait.png 1017w, https:\/\/victoretrichardpro.fr\/wp-content\/uploads\/2026\/02\/charlene-portrait-300x300.png 300w, https:\/\/victoretrichardpro.fr\/wp-content\/uploads\/2026\/02\/charlene-portrait-150x150.png 150w, https:\/\/victoretrichardpro.fr\/wp-content\/uploads\/2026\/02\/charlene-portrait-768x769.png 768w\" sizes=\"auto, (max-width: 1017px) 100vw, 1017px\" \/><\/figure>\n\n\n\n<div style=\"height:45px\" aria-hidden=\"true\" class=\"wp-block-spacer\"><\/div>\n\n\n\n<div class=\"wp-block-group is-vertical is-layout-flex wp-container-core-group-is-layout-fe9cc265 wp-block-group-is-layout-flex\">\n<p class=\"has-text-align-left has-large-font-size\"><mark style=\"background-color:rgba(0, 0, 0, 0);color:#4aff25\" class=\"has-inline-color\"><em><strong>Charl\u00e8ne BROSSARD<\/strong>  <\/em> <\/mark><\/p>\n\n\n\n<p class=\"has-text-align-left has-medium-font-size\"><strong>AGENT COMMERCIAL<\/strong><\/p>\n\n\n\n<p class=\"has-text-align-left has-medium-font-size\">06 17 03 33 87 <\/p>\n\n\n\n<p class=\"has-text-align-left has-medium-font-size\"><a href=\"mailto:charlene@victoretrichard.fr\">charlene@victoretrichard.fr<\/a> <\/p>\n\n\n\n<p class=\"has-text-align-left has-medium-font-size\"><em><strong><a href=\"https:\/\/www.linkedin.com\/in\/charl%C3%A8ne-brossard-%F0%9F%AA%84%F0%9F%8F%A1-8348a6149\/\">LINKEDIN<\/a><\/strong> <\/em><\/p>\n\n\n\n<p class=\"has-text-align-left has-medium-font-size\"><em><strong><a href=\"https:\/\/www.instagram.com\/charlene_brossard_immobilier?igsh=MTR6bmQydnQxZnVwcQ==\">INSTAGRAM<\/a><\/strong><\/em><\/p>\n<\/div>\n\n\n\n<div style=\"height:49px\" aria-hidden=\"true\" class=\"wp-block-spacer\"><\/div>\n\n\n\n<figure class=\"wp-block-image size-large is-resized\"><img loading=\"lazy\" decoding=\"async\" width=\"360\" height=\"360\" src=\"https:\/\/victoretrichardpro.fr\/wp-content\/uploads\/2026\/02\/4738526351784915302.jpg\" alt=\"\" class=\"wp-image-1964\" style=\"width:auto;height:300px\" srcset=\"https:\/\/victoretrichardpro.fr\/wp-content\/uploads\/2026\/02\/4738526351784915302.jpg 360w, https:\/\/victoretrichardpro.fr\/wp-content\/uploads\/2026\/02\/4738526351784915302-300x300.jpg 300w, https:\/\/victoretrichardpro.fr\/wp-content\/uploads\/2026\/02\/4738526351784915302-150x150.jpg 150w\" sizes=\"auto, (max-width: 360px) 100vw, 360px\" \/><\/figure>\n\n\n\n<div style=\"height:50px\" aria-hidden=\"true\" class=\"wp-block-spacer\"><\/div>\n\n\n\n<div class=\"wp-block-group is-vertical is-layout-flex wp-container-core-group-is-layout-fe9cc265 wp-block-group-is-layout-flex\">\n<p class=\"has-text-align-left has-large-font-size\"><mark style=\"background-color:rgba(0, 0, 0, 0);color:#4aff25\" class=\"has-inline-color\"><strong><em>S\u00e9bastien TESTE<\/em><\/strong> <\/mark><\/p>\n\n\n\n<p class=\"has-text-align-left has-medium-font-size\"><strong>Agent commercial<\/strong> <\/p>\n\n\n\n<p class=\"has-text-align-left has-medium-font-size\">07 50 21 25 35 <\/p>\n\n\n\n<p class=\"has-text-align-left has-medium-font-size\"><a href=\"mailto:sebastien@victoretrichard.fr\" data-type=\"mailto\" data-id=\"mailto:sebastien@victoretrichard.fr\">sebastien@victoretrichard.f<\/a>r<\/p>\n<\/div>\n\n\n\n<div style=\"height:50px\" aria-hidden=\"true\" class=\"wp-block-spacer\"><\/div>\n\n\n\n<figure class=\"wp-block-image size-large is-resized\"><img loading=\"lazy\" decoding=\"async\" width=\"1024\" height=\"1018\" src=\"https:\/\/victoretrichardpro.fr\/wp-content\/uploads\/2026\/02\/RB-PASCAL-ENGUEHARD-04-1024x1018.jpg\" alt=\"\" class=\"wp-image-1966\" style=\"width:auto;height:300px\" srcset=\"https:\/\/victoretrichardpro.fr\/wp-content\/uploads\/2026\/02\/RB-PASCAL-ENGUEHARD-04-1024x1018.jpg 1024w, https:\/\/victoretrichardpro.fr\/wp-content\/uploads\/2026\/02\/RB-PASCAL-ENGUEHARD-04-300x298.jpg 300w, https:\/\/victoretrichardpro.fr\/wp-content\/uploads\/2026\/02\/RB-PASCAL-ENGUEHARD-04-150x150.jpg 150w, https:\/\/victoretrichardpro.fr\/wp-content\/uploads\/2026\/02\/RB-PASCAL-ENGUEHARD-04-768x763.jpg 768w, https:\/\/victoretrichardpro.fr\/wp-content\/uploads\/2026\/02\/RB-PASCAL-ENGUEHARD-04-1536x1526.jpg 1536w, https:\/\/victoretrichardpro.fr\/wp-content\/uploads\/2026\/02\/RB-PASCAL-ENGUEHARD-04-2048x2035.jpg 2048w\" sizes=\"auto, (max-width: 1024px) 100vw, 1024px\" \/><\/figure>\n\n\n\n<div style=\"height:50px\" aria-hidden=\"true\" class=\"wp-block-spacer\"><\/div>\n\n\n\n<div class=\"wp-block-group is-vertical is-layout-flex wp-container-core-group-is-layout-fe9cc265 wp-block-group-is-layout-flex\">\n<p class=\"has-text-align-left has-large-font-size\"><mark style=\"background-color:rgba(0, 0, 0, 0);color:#4aff25\" class=\"has-inline-color\"><em><strong>Pascal ENGUEHARD<\/strong><\/em>  <\/mark><\/p>\n\n\n\n<p class=\"has-text-align-left has-medium-font-size\"><strong>AGENT COMMERCIAL<\/strong> <\/p>\n\n\n\n<p class=\"has-text-align-left has-medium-font-size\">06 52 07 28 76 <\/p>\n\n\n\n<p class=\"has-text-align-left has-medium-font-size\"><a href=\"mailto:pascal@victoretrichard.fr\">pascal@victoretrichard.fr<\/a>  <\/p>\n\n\n\n<p class=\"has-text-align-left has-medium-font-size\"><strong><a href=\"https:\/\/www.linkedin.com\/in\/pascal-enguehard-182824a5\/\"><em>LINKEDIN<\/em><\/a><\/strong><\/p>\n<\/div>\n\n\n\n<div style=\"height:128px\" aria-hidden=\"true\" class=\"wp-block-spacer\"><\/div>\n\n\n\n<div class=\"wp-block-group is-vertical is-layout-flex wp-container-core-group-is-layout-fe9cc265 wp-block-group-is-layout-flex\">\n<p class=\"has-text-align-left has-large-font-size\"><mark style=\"background-color:rgba(0, 0, 0, 0);color:#4aff25\" class=\"has-inline-color\"><strong><em>POURQUOI PAS VOUS ?<\/em><\/strong>  <\/mark><\/p>\n\n\n\n<p class=\"has-text-align-left has-medium-font-size\"><strong>Agent commercial<\/strong> <\/p>\n\n\n\n<p class=\"has-text-align-left has-medium-font-size\">06 12 34 56 78 <\/p>\n\n\n\n<p class=\"has-text-align-left has-medium-font-size\"><a href=\"mailto:contact@victoretrichard.fr\">contact@victoretrichard.fr<\/a> <\/p>\n\n\n\n<p class=\"has-text-align-left has-medium-font-size\"><strong><em>LINKEDIN<\/em><\/strong><\/p>\n<\/div>\n\n\n\n<div style=\"height:103px\" aria-hidden=\"true\" class=\"wp-block-spacer\"><\/div>\n","protected":false},"excerpt":{"rendered":"<p>S\u00e9bastien PAJOT DIRECTEUR D&rsquo;AGENCE 06 50 42 17 00 spajot@victoretrichard.fr LINKEDIN Charl\u00e8ne BROSSARD AGENT COMMERCIAL 06 17 03 33 87 charlene@victoretrichard.fr LINKEDIN INSTAGRAM S\u00e9bastien TESTE Agent commercial 07 50 21 25 35 sebastien@victoretrichard.fr Pascal ENGUEHARD AGENT COMMERCIAL 06 52 07 28 76 pascal@victoretrichard.fr LINKEDIN POURQUOI PAS VOUS ? Agent commercial 06 12 34 56 78 [&hellip;]<\/p>\n","protected":false},"author":1,"featured_media":0,"parent":0,"menu_order":0,"comment_status":"closed","ping_status":"closed","template":"","meta":{"footnotes":""},"class_list":["post-125","page","type-page","status-publish","hentry"],"_links":{"self":[{"href":"https:\/\/victoretrichardpro.fr\/index.php?rest_route=\/wp\/v2\/pages\/125","targetHints":{"allow":["GET"]}}],"collection":[{"href":"https:\/\/victoretrichardpro.fr\/index.php?rest_route=\/wp\/v2\/pages"}],"about":[{"href":"https:\/\/victoretrichardpro.fr\/index.php?rest_route=\/wp\/v2\/types\/page"}],"author":[{"embeddable":true,"href":"https:\/\/victoretrichardpro.fr\/index.php?rest_route=\/wp\/v2\/users\/1"}],"replies":[{"embeddable":true,"href":"https:\/\/victoretrichardpro.fr\/index.php?rest_route=%2Fwp%2Fv2%2Fcomments&post=125"}],"version-history":[{"count":59,"href":"https:\/\/victoretrichardpro.fr\/index.php?rest_route=\/wp\/v2\/pages\/125\/revisions"}],"predecessor-version":[{"id":2057,"href":"https:\/\/victoretrichardpro.fr\/index.php?rest_route=\/wp\/v2\/pages\/125\/revisions\/2057"}],"wp:attachment":[{"href":"https:\/\/victoretrichardpro.fr\/index.php?rest_route=%2Fwp%2Fv2%2Fmedia&parent=125"}],"curies":[{"name":"wp","href":"https:\/\/api.w.org\/{rel}","templated":true}]}}