{"id":109,"date":"2024-03-02T15:04:51","date_gmt":"2024-03-02T14:04:51","guid":{"rendered":"https:\/\/victoretrichardpro.fr\/?page_id=109"},"modified":"2024-04-04T12:27:32","modified_gmt":"2024-04-04T10:27:32","slug":"sites-dannonces-immobilieres","status":"publish","type":"page","link":"https:\/\/victoretrichardpro.fr\/?page_id=109","title":{"rendered":"Sites d&rsquo;annonces immobili\u00e8res"},"content":{"rendered":"\n<p><\/p>\n\n\n\n<figure class=\"wp-block-image aligncenter size-full is-resized\"><img loading=\"lazy\" decoding=\"async\" width=\"850\" height=\"300\" src=\"http:\/\/victoretrichardpro.fr\/wp-content\/uploads\/2024\/03\/API.jpg\" alt=\"\" class=\"wp-image-106\" style=\"width:374px;height:auto\" srcset=\"https:\/\/victoretrichardpro.fr\/wp-content\/uploads\/2024\/03\/API.jpg 850w, https:\/\/victoretrichardpro.fr\/wp-content\/uploads\/2024\/03\/API-300x106.jpg 300w, https:\/\/victoretrichardpro.fr\/wp-content\/uploads\/2024\/03\/API-768x271.jpg 768w\" sizes=\"auto, (max-width: 850px) 100vw, 850px\" \/><\/figure>\n\n\n\n<p><\/p>\n\n\n\n<h2 class=\"wp-block-heading has-text-align-center has-foreground-background-color has-background\">LISTING DES SITES D&rsquo;ANNONCES IMMOBILIERES<\/h2>\n\n\n\n<p><\/p>\n\n\n\n<ol class=\"wp-block-list\">\n<li><a href=\"https:\/\/www.victoretrichard.fr\/\">VICTOR &amp; RICHARD (\u00e9videmment<\/a>)<\/li>\n\n\n\n<li><a href=\"https:\/\/www.ouestfrance-immo.com\/annuaire-immobilier\/agence-immobiliere\/victor-et-richard-immobilier-44-14027.htm\">OUESTFRANCE-IMMO.COM<\/a> <em>(LIEN VERS LA PAGE \u00ab\u00a0AGENCE VICTOR ET RICHARD)<\/em><\/li>\n\n\n\n<li><a href=\"https:\/\/www.bienici.com\/annonces-immo-facile-279395\/achat,location\/france\/maisonvilla,appartement,parking,terrain,loft,commerce,batiment,chateau,local,bureau,hotel\">BIENICI.COM<\/a> (<em>LIEN VERS LA PAGE \u00ab\u00a0AGENCE VICTOR ET RICHARD)<\/em><\/li>\n\n\n\n<li><a href=\"https:\/\/www.leboncoin.fr\/boutique\/6018845\/victor_richard_immobilier.htm\">LEBONCOIN<\/a> (<em>LIEN VERS LA PAGE \u00ab\u00a0AGENCE VICTOR ET RICHARD)<\/em><\/li>\n\n\n\n<li><a href=\"http:\/\/www.agencesreuniesouest.com\/annonces\/279395\/victor-richard.html\">AGENCE REUNIES DE L&rsquo;OUEST<\/a> (<em>LIEN VERS LA PAGE \u00ab\u00a0AGENCE VICTOR ET RICHARD)<\/em><\/li>\n\n\n\n<li><a href=\"https:\/\/www.avendrealouer.fr\/professionnels\/nantes-44\/victor-richard\/loc-101-20180\/fa-190599.html\">A VENDRE A LOUER<\/a> (<em>LIEN VERS LA PAGE \u00ab\u00a0AGENCE VICTOR ET RICHARD)<\/em><\/li>\n\n\n\n<li><a href=\"https:\/\/www.monbien.fr\/victor-et-richard-0240939830\">MONBIEN.FR<\/a> (<em>LIEN VERS LA PAGE \u00ab\u00a0AGENCE VICTOR ET RICHARD)<\/em><\/li>\n\n\n\n<li>PROIMMO<\/li>\n\n\n\n<li><a href=\"https:\/\/woopen.com\/company\/8ec11fec-24ac-4151-b2f0-11f5849af015\/showcase\">WOOPEN<\/a> (<em>LIEN VERS LA PAGE \u00ab\u00a0AGENCE VICTOR ET RICHARD)<\/em><\/li>\n\n\n\n<li><a href=\"https:\/\/www.etreproprio.com\/agences-immobilieres\/loire-atlantique\/nantes\/victor-richard\">ETREPROPRIO<\/a> (<em>LIEN VERS LA PAGE \u00ab\u00a0AGENCE VICTOR ET RICHARD)<\/em><\/li>\n\n\n\n<li><a href=\"https:\/\/www.evrovilla.com\/agences-immobilieres\/victor-amp-richard+id23066\/\">EVROVILLA<\/a><\/li>\n\n\n\n<li><a href=\"https:\/\/www.immosquare.fr\/\">IMMOSQUARE<\/a><\/li>\n\n\n\n<li><a href=\"https:\/\/immo-gratuit.com\/\">IMMO-GRATUIT<\/a><\/li>\n\n\n\n<li><a href=\"https:\/\/ma-cabane.fr\/annonces-agence-victor--richard-victor--richard.61592.html\">MA-CABANE.FR<\/a> (<em>LIEN VERS LA PAGE \u00ab\u00a0AGENCE VICTOR ET RICHARD)<\/em><\/li>\n\n\n\n<li><a href=\"https:\/\/www.superimmo.com\/agence\/nantes-44000\/victor-richard-xnqr0\">SUPERIMMO<\/a> (<em>LIEN VERS LA PAGE \u00ab\u00a0AGENCE VICTOR ET RICHARD)<\/em><\/li>\n\n\n\n<li>TOUYPASSE<\/li>\n\n\n\n<li><a href=\"https:\/\/immo.trovit.fr\/\">TROVIT<\/a><\/li>\n\n\n\n<li><a href=\"https:\/\/www.zilek.com\/\">ZILEK<\/a><\/li>\n\n\n\n<li><a href=\"https:\/\/www.google.com\/search?q=Victor+%26+Richard+Immobilier&amp;sca_esv=6b82def869a03695&amp;hl=fr&amp;authuser=0&amp;sxsrf=ACQVn0-zRhtRnXwxLTh8wjGP_7pry75K1A%3A1709464323373&amp;ei=A1vkZbiwFrCkkdUPi4e6mA8&amp;ved=0ahUKEwj4vYDu-teEAxUwUqQEHYuDDvMQ4dUDCBA&amp;uact=5&amp;oq=Victor+%26+Richard+Immobilier&amp;gs_lp=Egxnd3Mtd2l6LXNlcnAiG1ZpY3RvciAmIFJpY2hhcmQgSW1tb2JpbGllcjIHECMYsAMYJzIKEAAYRxjWBBiwAzIKEAAYRxjWBBiwAzIKEAAYRxjWBBiwAzIKEAAYRxjWBBiwAzIKEAAYRxjWBBiwAzIKEAAYRxjWBBiwAzIKEAAYRxjWBBiwAzIKEAAYRxjWBBiwA0jdBVAAWABwAXgBkAEAmAEAoAEAqgEAuAEDyAEAmAIBoAIUmAMAiAYBkAYJkgcBMQ&amp;sclient=gws-wiz-serp\">GOOGLE MY BUSINESS<\/a><\/li>\n\n\n\n<li><a href=\"https:\/\/www.instagram.com\/victoretrichard\/\">INSTAGRAM<\/a><\/li>\n\n\n\n<li><a href=\"https:\/\/www.linkedin.com\/company\/23762284\/admin\/feed\/posts\/\">LINKEDIN<\/a><\/li>\n\n\n\n<li><a href=\"https:\/\/www.facebook.com\/victoretrichard\/\">FACEBOOK<\/a><\/li>\n\n\n\n<li><a href=\"https:\/\/www.goflint.fr\/agence\/detailagence?id=19627\">GOFLINT<\/a><\/li>\n\n\n\n<li><a href=\"https:\/\/www.facebook.com\/groups\/688019205481525\">LES NANTISIENS IMMOBILIER<\/a><\/li>\n<\/ol>\n\n\n\n<p><\/p>\n\n\n\n<p><\/p>\n\n\n\n<p><\/p>\n\n\n\n<h2 class=\"wp-block-heading has-text-align-center has-foreground-background-color has-background\">SITES D&rsquo;ANNONCES IMMOBILIERE : \u00ab\u00a0MON ESPACE\u00a0\u00bb <\/h2>\n\n\n\n<figure class=\"wp-block-image aligncenter size-full is-resized\"><img loading=\"lazy\" decoding=\"async\" width=\"200\" height=\"200\" src=\"https:\/\/victoretrichardpro.fr\/wp-content\/uploads\/2024\/03\/share.png\" alt=\"\" class=\"wp-image-181\" style=\"width:152px;height:auto\" srcset=\"https:\/\/victoretrichardpro.fr\/wp-content\/uploads\/2024\/03\/share.png 200w, https:\/\/victoretrichardpro.fr\/wp-content\/uploads\/2024\/03\/share-150x150.png 150w\" sizes=\"auto, (max-width: 200px) 100vw, 200px\" \/><\/figure>\n\n\n\n<p class=\"has-text-align-center\"><a href=\"https:\/\/pro.bienici.com\/\"><strong>MON ESPACE BIEN ICI : Acc\u00e9der aux annonces, statistiques et contacts<\/strong><\/a><\/p>\n\n\n\n<p><\/p>\n\n\n\n<figure class=\"wp-block-image aligncenter size-full is-resized\"><img loading=\"lazy\" decoding=\"async\" width=\"394\" height=\"128\" src=\"https:\/\/victoretrichardpro.fr\/wp-content\/uploads\/2024\/03\/images.png\" alt=\"\" class=\"wp-image-182\" style=\"width:363px;height:auto\" srcset=\"https:\/\/victoretrichardpro.fr\/wp-content\/uploads\/2024\/03\/images.png 394w, https:\/\/victoretrichardpro.fr\/wp-content\/uploads\/2024\/03\/images-300x97.png 300w\" sizes=\"auto, (max-width: 394px) 100vw, 394px\" \/><\/figure>\n\n\n\n<p class=\"has-text-align-center\"><a href=\"https:\/\/www.ouestfrance-immo.pro\/login\/?url=\/stats\/index\/\"><strong>MON ESPACE OUEST FRANCE IMMO : Acc\u00e9der aux annonces, statistiques et contacts<\/strong><\/a><\/p>\n\n\n\n<p><\/p>\n\n\n\n<figure class=\"wp-block-image aligncenter size-large is-resized\"><a href=\"https:\/\/www.leboncoin.fr\/boutique\/6018845\/victor_richard_immobilier.htm\"><img loading=\"lazy\" decoding=\"async\" width=\"1024\" height=\"576\" src=\"https:\/\/victoretrichardpro.fr\/wp-content\/uploads\/2024\/03\/20220126210045Leboncoin_logo_2021-1024x576.png\" alt=\"\" class=\"wp-image-264\" style=\"width:270px;height:auto\" srcset=\"https:\/\/victoretrichardpro.fr\/wp-content\/uploads\/2024\/03\/20220126210045Leboncoin_logo_2021-1024x576.png 1024w, https:\/\/victoretrichardpro.fr\/wp-content\/uploads\/2024\/03\/20220126210045Leboncoin_logo_2021-300x169.png 300w, https:\/\/victoretrichardpro.fr\/wp-content\/uploads\/2024\/03\/20220126210045Leboncoin_logo_2021-768x432.png 768w, https:\/\/victoretrichardpro.fr\/wp-content\/uploads\/2024\/03\/20220126210045Leboncoin_logo_2021-1536x864.png 1536w, https:\/\/victoretrichardpro.fr\/wp-content\/uploads\/2024\/03\/20220126210045Leboncoin_logo_2021-2048x1152.png 2048w\" sizes=\"auto, (max-width: 1024px) 100vw, 1024px\" \/><\/a><\/figure>\n\n\n\n<p class=\"has-text-align-center\"><strong><a href=\"https:\/\/www.leboncoin.fr\/boutique\/6018845\/victor_richard_immobilier.htm\">MON ESPACE LEBONCOIN : Acc\u00e9der aux annonces, statistiques et contacts<\/a><\/strong><\/p>\n","protected":false},"excerpt":{"rendered":"<p>LISTING DES SITES D&rsquo;ANNONCES IMMOBILIERES SITES D&rsquo;ANNONCES IMMOBILIERE : \u00ab\u00a0MON ESPACE\u00a0\u00bb MON ESPACE BIEN ICI : Acc\u00e9der aux annonces, statistiques et contacts MON ESPACE OUEST FRANCE IMMO : Acc\u00e9der aux annonces, statistiques et contacts MON ESPACE LEBONCOIN : Acc\u00e9der aux annonces, statistiques et contacts<\/p>\n","protected":false},"author":1,"featured_media":0,"parent":0,"menu_order":0,"comment_status":"closed","ping_status":"closed","template":"","meta":{"footnotes":""},"class_list":["post-109","page","type-page","status-publish","hentry"],"_links":{"self":[{"href":"https:\/\/victoretrichardpro.fr\/index.php?rest_route=\/wp\/v2\/pages\/109","targetHints":{"allow":["GET"]}}],"collection":[{"href":"https:\/\/victoretrichardpro.fr\/index.php?rest_route=\/wp\/v2\/pages"}],"about":[{"href":"https:\/\/victoretrichardpro.fr\/index.php?rest_route=\/wp\/v2\/types\/page"}],"author":[{"embeddable":true,"href":"https:\/\/victoretrichardpro.fr\/index.php?rest_route=\/wp\/v2\/users\/1"}],"replies":[{"embeddable":true,"href":"https:\/\/victoretrichardpro.fr\/index.php?rest_route=%2Fwp%2Fv2%2Fcomments&post=109"}],"version-history":[{"count":14,"href":"https:\/\/victoretrichardpro.fr\/index.php?rest_route=\/wp\/v2\/pages\/109\/revisions"}],"predecessor-version":[{"id":1064,"href":"https:\/\/victoretrichardpro.fr\/index.php?rest_route=\/wp\/v2\/pages\/109\/revisions\/1064"}],"wp:attachment":[{"href":"https:\/\/victoretrichardpro.fr\/index.php?rest_route=%2Fwp%2Fv2%2Fmedia&parent=109"}],"curies":[{"name":"wp","href":"https:\/\/api.w.org\/{rel}","templated":true}]}}